{"id":96,"date":"2022-12-20T15:28:44","date_gmt":"2022-12-20T06:28:44","guid":{"rendered":"https:\/\/app007.xsrv.jp\/kitami-it-sentan\/?page_id=96"},"modified":"2026-04-20T10:51:42","modified_gmt":"2026-04-20T01:51:42","slug":"publications","status":"publish","type":"page","link":"https:\/\/www.mtrl.kitami-it.ac.jp\/elecmat\/publications\/","title":{"rendered":"\u8ad6\u6587\u767a\u8868"},"content":{"rendered":"<h2>2026\u5e74<\/h2>\n<ol>\n<li>S. Takahashi, Y. Takahashi, T. Kiba, M. Kawamura, N. Ohtsu, P. Sheng, D. Ohori, K. Endo<br \/>&#8220;Thermal Annealing\u2013Induced Ag\/WO\u2083\/Ag Plasmonic Nanocavities for Emission Enhancement&#8221;<br \/>Vacuum, accepted (2026).<\/li>\n<li>Y. Yokoyama, M. Kawamura, T. Kiba<br \/>&#8220;Fabrication of Low-Resistance Ru Films by Sputtering in Ar or Kr and Gas Backscattering Behavior&#8221;<br \/>J. Electron. Mater., in press (2026).\u00a0 <a href=\"https:\/\/doi.org\/10.1007\/s11664-026-12846-6\">https:\/\/doi.org\/10.1007\/s11664-026-12846-6<\/a><\/li>\n<li>P. Sheng, S. Takahashi, K. Kanemitsu, T. Kiba, M. Kawamura<br \/>&#8220;Ultrathin MgO-spaced Ag nanocavities for emission enhancement via plasmonic resonance&#8221;<br \/>Jpn. J. Appl. Phys., <strong>65<\/strong> (5), 068001 (2026). <a href=\"https:\/\/doi.org\/10.35848\/1347-4065\/ae4c34\">https:\/\/doi.org\/10.35848\/1347-4065\/ae4c34<\/a><\/li>\n<li>Y. Masuda, T. Kiba, T. Goto, N. Satoh, M. Kawamura<br \/>\u201dPlasmon\u2013microcavity coupling and spectral modulation in blue OLEDs employing Ag\/ZnS\/Ag multilayer electrodes&#8221;<br \/>Mol. Cryst. Liq. Cryst., <strong>770<\/strong>, 522-530 (2026).\u00a0 <a href=\"https:\/\/doi.org\/10.1080\/15421406.2025.2612133\">https:\/\/doi.org\/10.1080\/15421406.2025.2612133<\/a><\/li>\n<\/ol>\n<h2>2025\u5e74<\/h2>\n<ol>\n<li>K. Takada, M. Kawamura, T. Kiba, Y. Abe, M. Ueda, M. Mi\u010du\u0161ik, M. Hru\u0161ka, M. Novotn\u00fd, P. Fitl<br \/>\u201dCharacterization and formation mechanism of black Au films deposited under varied Ar gas pressures&#8221;<br \/>Discover Materials, <strong>5<\/strong>, 126 (2025).\u00a0 <a href=\"https:\/\/doi.org\/10.1007\/s43939-025-00324-5\">https:\/\/doi.org\/10.1007\/s43939-025-00324-5<\/a><\/li>\n<\/ol>\n<h2>2024\u5e74<\/h2>\n<ol>\n<li>Y. Masuda, T. Kiba, M. Kawamura, Y. Abe<br \/>&#8220;Emission Wavelength Control Based on Coupling of Surface Plasmon and Microcavity Mode in Organic Light-Emitting Diodes with Metal\/Dielectric\/Metal Anodes&#8221;<br \/>ACS Photonics, <strong>11<\/strong> (8), 2946-2953 (2024).\u00a0 <a href=\"https:\/\/doi.org\/10.1021\/acsphotonics.3c01314\">https:\/\/doi.org\/10.1021\/acsphotonics.3c01314<\/a>\u00a0<br \/>&gt;&gt;<a href=\"https:\/\/www.mtrl.kitami-it.ac.jp\/elecmat\/news\/mdm-oled-masuda-acsphotonics\/\">\u3010\u89e3\u8aac\u3011\u5149\u306e\u8272\u3092\u81ea\u5728\u306b\u3042\u3084\u3064\u308b\uff01\uff5e\u6709\u6a5fEL\u306e\u65b0\u3057\u3044\u5de5\u592b\u3068\u306f\uff1f\uff5e<\/a><\/li>\n<li>P. Pokorn\u00fd, M. Novotn\u00fd, M. Hru\u0161ka, J. More-Chevalier, P. Fitl, Y. Dekhtyar, S. Chertopalov, M. Romanova, T. Kiba, M. Kawamura, M. Vr\u0148ata, J. Vac\u00edk, J. Lan\u010dok<br \/>&#8220;Thermally stimulated desorption from the surface of black aluminum layers prepared by PVD methods&#8221;<br \/>Vacuum, <strong>227<\/strong>, 113425 (2024). <a href=\"https:\/\/doi.org\/10.1016\/j.vacuum.2024.113425\">https:\/\/doi.org\/10.1016\/j.vacuum.2024.113425<\/a><\/li>\n<li>T. Goto, Y. Masuda, T. Kiba, M. Kawamura<br \/>&#8220;Control of the coupling degree between surface plasmon and microcavity mode in dual-cavity OLEDs&#8221;<br \/>Mol. Cryst. Liq. Cryst., <strong>768<\/strong>, 465-472 (2024).\u00a0 <a href=\"https:\/\/doi.org\/10.1080\/15421406.2024.2353954\">https:\/\/doi.org\/10.1080\/15421406.2024.2353954<\/a><\/li>\n<li>K. Takada, M. Kawamura, T. Kiba, Y. Abe, M. Ueda, M. Hru\u0161ka, M. Novotn\u00fd, P. Fitl<br \/>\u201dPreparation of black Ag films via a novel thermal evaporation process and comparisons of their properties at the constant thickness and the constant Ag amount&#8221;<br \/>Appl. Phys. A, <strong>130<\/strong>, 149 (2024). <a href=\"https:\/\/doi.org\/10.1007\/s00339-024-07328-7\">https:\/\/doi.org\/10.1007\/s00339-024-07328-7<\/a>\n<p>&gt;&gt; <a href=\"https:\/\/www.mtrl.kitami-it.ac.jp\/elecmat\/news\/post-496\/\">\u3010\u89e3\u8aac\u3011\u9ed2\u3044\u9280\uff01\uff1f\u5149\u3092\u5438\u53ce\u3059\u308b\u65b0\u3057\u3044\u8584\u819c\u306e\u3064\u304f\u308a\u65b9<\/a><\/p>\n<\/li>\n<\/ol>\n<h2>2023\u5e74<\/h2>\n<ol>\n<li>P. Pokorn\u00fd, M. Hru\u0161ka, M. Novotn\u00fd, J. More-Chevalier, P. Fitl, S. Chertopalov, T. Kiba, M. Kawamura, M. Vr\u0148ata, J. Lan\u010dok<br \/>\u201dThermally stimulated exoelectron emission from the surface of black aluminum layers prepared by PVD methods&#8221;<br \/>Vacuum, <strong>221<\/strong>, 112880 (2023).<\/li>\n<li>Y. Abe, M. Kataoka, Y. Yokoiwa, M. Kawamura, K. H. Kim, T. Kiba<br \/>&#8220;Reactive sputter deposition of \u03b2-Ni(OH)<sub>2<\/sub> thin films in Ar<sup>+<\/sup> H<sub>2<\/sub>O mixed gas atmosphere at a substrate temperature of \u2212 80\u00b0C&#8221;<br \/>Jpn. J. Appl. Phys., <strong>62<\/strong>, 045502 (2023).<\/li>\n<li>N. Ohtsu, S. Takeda, R. Endo, K. Miura, T. Kiba<br \/>&#8220;Comparison of open-atmosphere nitriding on various metal surfaces triggered by a focused pulsed laser irradiation&#8221;<br \/>Surf. Coat. Technol., <strong>454<\/strong>, 129190 (2023).<\/li>\n<li><span>K. Mizukoshi, T. Yamamura, Y. Tomioka, M. Kawamura<br \/><\/span>&#8220;<span role=\"presentation\" dir=\"ltr\">Effect of blocking layer on achieving <\/span><span role=\"presentation\" dir=\"ltr\"><span role=\"presentation\" dir=\"ltr\"><span role=\"presentation\" dir=\"ltr\">low sheet resistances in low-E multilayer Structures&#8221;<br \/>Jpn. J. Appl. Phys., <strong>62<\/strong> 045501 (2023).<\/span><\/span><\/span><\/li>\n<\/ol>\n<h2>2022\u5e74<\/h2>\n<div class=\"paper_content\">\n<ol>\n<li><span>P Pokorn\u00fd, M Novotn\u00fd, J More-Chevalier, Y Dekhtyar, M Romanova, M Dav\u00eddkov\u00e1, S. Chertopalov, P. Fitl, M. Hru\u0161ka, M. Kawamura, T. Kiba, J. Lan\u010dok<\/span><br \/>&#8220;Surface processes on thin layers of black aluminum in ultra-high vacuum&#8221;<br \/>Vacuum, <strong>205<\/strong>, 113 (2022).<\/li>\n<li>Y. Abe, Y. Kadowaki, M. Kawamura, K.H. Kim, T. Kiba<br \/>&#8220;Two-color electrochromic devices using a tungsten oxide and nickel oxide double layer&#8221;<br \/>Jpn. J. Appl. Phys., <strong>62<\/strong>, 045502 (2023).<\/li>\n<li>N. Satoh, T. Tanno, T. Kitabayashi, T. Kiba, M. Kawamura, Y. Abe<br \/>&#8220;CaF2\/ZnS Multilayered Films on Top-Emission Organic Light-Emitting Diode for Improving Color Purity and Moderation of Dark-Spot Formation&#8221;<br \/>ACS Omega, <strong>7<\/strong>, 17861-17867 (2022).<br \/>&gt;&gt;<a href=\"https:\/\/www.mtrl.kitami-it.ac.jp\/elecmat\/news\/satoh_dbr_oled\/\">\u3010\u89e3\u8aac\u3011\u8272\u3092\u3082\u3063\u3068\u304f\u3063\u304d\u308a\u3001\u305d\u3057\u3066\u9577\u6301\u3061\uff01\uff5e\u6709\u6a5fEL\u30c7\u30a3\u30b9\u30d7\u30ec\u30a4\u306e\u65b0\u3057\u3044\u6539\u826f\u65b9\u6cd5\uff5e<\/a><\/li>\n<li>H. Ohara, M. Kawamura, Y. Abe, T. Kiba<br \/>&#8220;Surface morphology of silver thin films exposed to water vapour and\/or oxygen in vacuum&#8221;<br \/>Transactions of the IMF, <strong>100<\/strong>, 208-212 (2022).<\/li>\n<li>M. Ugajin, S, Park, T. Kiba, J. Takayama, S. Hiura, A. Murayama, M. Kawamura, Y. Abe<br \/>&#8220;Optical characterization and emission enhancement property of Ag nanomesh structure fabricated by nanosphere lithography&#8221;<br \/>Surf. Coat. Technol., <strong>435<\/strong>, 128258 (2022).<\/li>\n<li>K. Mizukoshi, T. Yamamura, Y. Tomioka, M. Kawamura<br \/>&#8220;Effects of sputtering with Kr gas and insertion of lowermost layer on electrical resistivity of Ag-multilayer&#8221;<br \/>Jpn. J. Appl. Phys., <strong>61<\/strong>, 095503 (2022).<\/li>\n<\/ol>\n<\/div>\n<div class=\"paper_content\">\n<ol><\/ol>\n<\/div>\n<h2>2021\u5e74<\/h2>\n<div class=\"paper_content\">\n<ol>\n<li>K. Mizukoshi, T. Yamamura, Y. Tomioka, M. Kawamura<br \/>&#8220;Optimization of lowermost layer material for low-resistivity Ag-based multilayer structure in low-emissivity glass&#8221;<br \/>Thin Solid Films, <strong>739<\/strong>, 138996 (2021).<\/li>\n<li>T. Kiba, K. Masui, Y. Inomata, A. Furumoto, M. Kawamura, Y. Abe, K. H. Kim<br \/>&#8220;Control of localized surface plasmon resonance of Ag nanoparticles by changing its size and morphology&#8221;<br \/>Vacuum, <strong>192<\/strong>, 110432 (2021).<\/li>\n<li>K. Mizukoshi, T. Yamamura, Y. Tomioka, M. Kawamura<br \/>&#8220;Effect of TiO2 lowermost layer on crystal orientation and electrical resistivity of glass\/TiO2\/ZnO\/Ag structure in Low-E glass&#8221;<br \/>Jpn. J. Appl. Phys., <strong>60<\/strong>, 025501 (2021).<\/li>\n<\/ol>\n<\/div>\n<h2>2020\u5e74<\/h2>\n<div class=\"paper_content mb_20\">\n<ol>\n<li>K. H. Kim, S. Amako, Y. Abe, M. Kawamura, T. Kiba<br \/>&#8220;Electrochemical performance of nanosheet-like-and nanoparticle-structured cobalt oxyhydroxide grown on stainless steel mesh substrate&#8221;<br \/>Mater. Lett., <strong>277<\/strong>, 128293 (2020).<\/li>\n<li>Y. Ito, Y. Abe, M. Kawamura, K. H. Kim, T. Kiba<br \/>&#8220;Influence of substrate cooling on ion conductivity of tantalum oxide thin films prepared by reactive sputtering using water vapor injection&#8221;<br \/>Thin Solid Films, <strong>710<\/strong>, 138276 (2020).<\/li>\n<li>C. Y. Jeong, Y. Abe, M. Kawamura, K. H. Kim, T. Kiba, H. Watanabe, K. Tajima, T. Kawamoto<br \/>&#8220;Electrochromic properties of sputter-deposited rhodium oxide thin films of varying thickness&#8221;<br \/>Thin Solid Films, <strong>709<\/strong>, 138226 (2020).<\/li>\n<li>T. Hamano, E. Kudo, M. Kawamura, T. Kiba, Y. Abe, K. H. Kim, H. Murotani<br \/>&#8220;Characteristics and environmental durability of Ag films with and without Al surface layer sputtered in Ar or Kr gas&#8221;<br \/>Thin Solid Films, <strong>704<\/strong>, 138020 (2020).<\/li>\n<li>T. Hirano, M. Kawamura, T. Kiba, Y. Abe, K. H. Kim, T. Hamano<br \/>&#8220;Influence of an Aluminum Interlayer on the Optical Properties of a Very Thin Silver Film&#8221;<br \/>Surf. Coat. Technol., <strong>393<\/strong>, 125752 (2020).<\/li>\n<li>M. Ohara, M. Ugajin, T. Kiba, M. Kawamura, Y. Abe, K. H. Kim<br \/>&#8220;Characterization of Ag\/ZnS\/Ag Multilayered Film as Transparent Electrode for Organic Light-Emitting Diode&#8221;<br \/>Thin Solid Films, <strong>704<\/strong>, 137999 (2020).<\/li>\n<li>R. Sagara, M. Kawamura, T. Kiba, Y. Abe, K. H. Kim,<br \/>&#8220;Characteristics of Ag thin films sputter deposited using Ar or Kr gas under different pressure&#8221;<br \/>Surf. Coat. Technol., <strong>388<\/strong>, 125616 (2020).<\/li>\n<li>M. Kawamura, R. Sagara, Y. Abe, T. Kiba, K. H. Kim,<br \/>&#8220;Large-grained Ag thin films with low electrical resistivity produced by sputtering in Kr gas&#8221;<br \/>Jpn. J. Appl. Phys., <strong>59<\/strong>, 048001 (2020).<\/li>\n<li>K. H. Kim, M. Kahuku, Y. Abe, M. Kawamura, T. Kiba,<br \/>&#8220;Improved Electrochromic Performance in Nickel Oxide Thin Film by Zn Doping&#8221;<br \/>Int. J. Electrochem. Sci., <strong>15<\/strong>, 4065-4071 (2020).<\/li>\n<li>Y. Sasaki, M. Kawamura, T. Kiba, Y. Abe, K. H. Kim, H. Murotani<br \/>&#8220;Improved durability of Ag thin films under high humidity environment by deposition of surface Al nanolayer&#8221;<br \/>Appl. Surf. Sci., <strong>506<\/strong>, 127424 (2020).<\/li>\n<li>K. H. Kim, Y. Kanamaru, Y. Abe, M. Kawamura, T. Kiba<br \/>&#8220;Morphological evolution of bilayer-structured copper oxide from ribbon-like-structured copper acetate hydroxide with varying growth temperatures&#8221;<br \/>Mater. Lett., <strong>265<\/strong>, 127424 (2020).<\/li>\n<li>F. Wang, Y. Abe, M. Kawamura, K. H. Kim, T. Kiba<br \/>&#8220;High-rate sputter deposition of chromium oxide thin films using water vapor as a reactive gas&#8221;<br \/>Surf. Coat. Technol., <strong>387<\/strong>, 125509 (2020).<\/li>\n<li>T. Kitabayashi, T. Asashita, N. Satoh, T. Kiba, M. Kawamura, Y. Abe, K. H. Kim<br \/>&#8220;Fabrication and Characterization of Microcavity Organic Light-Emitting Diode with CaF2\/ZnS Distributed Bragg Reflector&#8221;<br \/>Thin Solid Films, <strong>700<\/strong>, 137912 (2020).<\/li>\n<li>N. Iijima, M. Ugajin, T. Kiba, M. Kawamura, Y. Abe, K. H. Kim, A. Higo, J. Takayama, S. Hiura, A. Murayama<br \/>&#8220;Size Dependence of Emission Enhancement of Tris(8-hydroxyquinolinato) aluminum with Plasmonic Al Nanostructure&#8221;<br \/>Thin Solid Films, <strong>699<\/strong>, 137920 (2020).<\/li>\n<li>H. Oguma, E. Seitoku, M. Mutoh, S. Yoshizawa, K. Nakanishi, Y. Bando, Y. Era, T. Kiba, P. Saikaew, M. Tamai, T. Akasaka, M. Nakamura, T. Kusaka, Y. Yoshida, Y. Sato, H. Sano, S. Abe, V. Alireza, I. Watanabe, S. Inoue, T. Takada<br \/>&#8220;Size-and Morphology-Controlled Preparation of Surface-Modified Water-Dispersible Fullerene Nanoparticles for Bioapplications&#8221;<br \/>J. Nanosci. Nanotechnol., <strong>20<\/strong>, 2668-2674 (2020).<\/li>\n<\/ol>\n<\/div>\n<h3>\u305d\u306e\u4ed6\u8ad6\u6587<\/h3>\n<div class=\"paper_content\">\n<ol>\n<li>Y. Ayauchi, Y. Abe, M. Kawamura, K. H. Kim, T. Kiba<br \/>&#8220;Effects of ITO Electrode on Electrochromic Properties of WO3 Thin Films in Visible and Near-Infrared Region&#8221;<br \/>ECS Meeting Abstracts, <strong>32<\/strong>, 2069 (2020).<\/li>\n<li>M. Kataoka, Y. Abe, M. Kawamura, K. H. Kim, T. Kiba<br \/>&#8220;Deposition Rate and Electrochromic Properties of Ni Oxide Thin Films Deposited By Sputtering Using Water Vapor As a Reactive Gas&#8221;<br \/>ECS Meeting Abstracts, <strong>32<\/strong>, 2068 (2020).<\/li>\n<\/ol>\n<\/div>\n<h2>2019\u5e74<\/h2>\n<div class=\"paper_content\">\n<ol>\n<li>A. Higo\u2020, T. Kiba\u2020, J. Takayama, C. Y. Lee, Y.-C. Lai, T. Ozaki, H. Sdabanlu, M. Sugiyama, Y. Nakano, I. Yamashita, A. Murayama and S. Samukawa (\u2020: equally contributed)<br \/>&#8220;Photoluminescence of InGaAs\/GaAs Quantum Nanodisk in Pillar Fabricated by Biotemplate, Dry Etching and MOVPE Regrowth&#8221;<br \/>ACS Appl. Electron. Mater., <strong>1<\/strong>, 1945-1951 (2019).<\/li>\n<li>K. H. Kim, S. Motoyama, Y. Abe, M. Kawamura, T. Kiba<br \/>&#8220;Hexamethylenetetramine-assisted morphological evolution of nanowire-net and nanosheet-structured cobalt hydroxide&#8221;<br \/>Mater. Lett., <strong>254<\/strong>, 154-157 (2019).<\/li>\n<li>C. Y. Jeong, Y. Abe, M. Kawamura, K. H. Kim, T. Kiba<br \/>&#8220;Electrochromic properties of rhodium oxide thin films prepared by reactive sputtering under an O2 or H2O vapor atmosphere&#8221;<br \/>Sol. Energy Mater. Sol. Cells, <strong>200<\/strong>, 109976 (2019).<\/li>\n<li>E. Kudo, M. Kawamura, T. Kiba, Y. Abe, K. H. Kim, H. Murotani<br \/>&#8220;Remarkable durability improvement under high humidity of Ag thin film where Al or Ti nanolayer was deposited onto the surface&#8221;<br \/>Jpn. J. Appl. Phys., <strong>58<\/strong>, 065502 (2019).<\/li>\n<li>Y. Yokoiwa, Y. Abe, M. Kawamura, K. H. Kim, T. Kiba<br \/>&#8220;Metallic-mode reactive sputtering of nickel oxide thin films and characterization of their electrochromic properties&#8221;<br \/>Jpn. J. Appl. Phys., <strong>58<\/strong>, 055504 (2019).<\/li>\n<li>K. H. Kim, S. Motoyama, M. Ohara, Y. Abe, M. Kawamura, T. Kiba<br \/>&#8220;Fabrication and electrochemical characteristics of nanowire-net structured cobalt hydroxide&#8221;<br \/>Mater. Lett., <strong>246<\/strong>, 195-198 (2019).<\/li>\n<li>K. H. Kim, S. Motoyama, Y. Abe, M. Kawamura, T. Kiba<br \/>&#8220;Comparative Study on Morphological and Electrochemical Properties of Nickel\u2013Cobalt Double Hydroxide, Cobalt Hydroxide, and Nickel Hydroxide&#8221;<br \/>J. Electron. Mater., <strong>48<\/strong>, 3000-3005 (2019).<\/li>\n<li>T. Kiba, N. Iijima, K. Yanome, M. Kawamura, Y. Abe, K. H. Kim, M. Takase, A. Higo, J. Takayama, S. Hiura, A. Murayama<br \/>&#8220;Emission enhancement of tris(8-quinolinolato)aluminum with Al nanotriangle arrays fabricated by nanosphere lithography&#8221;<br \/>Appl. Surf. Sci., <strong>478<\/strong>, 49-53 (2019).<\/li>\n<li>S. Hiura, S. Saito, J. Takayama, T. Kiba, A. Murayama<br \/>&#8220;Layer-selective spin amplification in size-modulated quantum nanocolumn&#8221;<br \/>Appl. Phys. Lett. <strong>115<\/strong>, 013102 (2019).<\/li>\n<li>S. Hiura, K. Itabashi, K. Takeishi, J. Takayama, T. Kiba, A. Murayama<br \/>&#8220;Quantum spin transport to semiconductor quantum dots through superlattice&#8221;<br \/>Appl. Phys. Lett. <strong>114<\/strong>, 072406 (2019). selected as &#8220;Editor&#8217;s Pick&#8221;!<\/li>\n<li>S. Hiura, M. Urabe, K. Takeishi, K. Itabashi, J. Takayama, T. Kiba, K. Sueoka, A. Murayama<br \/>&#8220;Interdot carrier and spin dynamics in a two-dimensional high-density quantum-dot array of InGaAs with quantum dots embedded as local potential minima&#8221;<br \/>Semicond. Sci. Technol. <strong>34<\/strong>, 025001 (2019).<\/li>\n<\/ol>\n<\/div>\n<h2>2018\u5e74<\/h2>\n<div class=\"paper_content mb_20\">\n<ol>\n<li>K. H. Kim, H. Kawai, Y. Abe, M. Kawamura, T. Kiba<br \/>&#8220;Morphological and Electrochemical Properties of Bilayered Copper Oxide Nanostructures Directly Grown on Transparent Conductive Oxides by a Simple Wet-Chemical Process&#8221;<br \/>J. Electron. Mater., <strong>47<\/strong>(12), 7296-7300 (2018).<\/li>\n<li>K. H. Kim, M. Mikami, Y. Abe, M. Kawamura, T. Kiba<br \/>&#8220;Structural and electrochemical properties of nanolayer-stacking structured copper-doped nickel hydroxide&#8221;<br \/>Int. J. Electrochem. Sci. <strong>13<\/strong>, 7655-7662 (2018).<\/li>\n<li>K. H. Kim, M. Mikami, Y. Abe, M. Kawamura, T. Kiba<br \/>&#8220;Morphological evolution of self-supporting nickel hydroxide nanostructures prepared by a facile wet-chemical method&#8221;<br \/>Thin Solid films <strong>654<\/strong>, 49-53 (2018).<\/li>\n<li>E. Kudo, S. Hibiya, M. Kawamura, T. Kiba, Y. Abe, K. H. Kim, T. Sugiyama, H. Murotani<br \/>&#8220;Optical properties of highly stable silver thin films using different surface metal layer&#8221;<br \/>Thin Solid Films, <strong>660<\/strong>, 730-732 (2018).<\/li>\n<li>M. Kawamura, T. Kiba, Y. Abe, K. H. Kim<br \/>&#8220;Indium-saving effect and physical properties of transparent conductive multilayers&#8221;<br \/>Journal of Physics; Conference Series, <strong>987<\/strong>, 012014 (2018).<\/li>\n<li>M. Kawamura, T. Kiba, Y. Abe, K. H. Kim, H. Murotani<br \/>&#8220;Metal nanolayer deposited highly stable Ag thin films and their optical properties&#8221;<br \/>Journal of Physics; Conference Series, <strong>987<\/strong>, 012002 (2018).<\/li>\n<li>K. Yanome, T. Kiba, M. Kawamura, Y. Abe, K. H. Kim, M. Takase, J. Takayama, A. Murayama<br \/>&#8220;Photoluminescence enhancement of tris(8-hydroxyquinolinato)aluminium thin film by plasmonic Ag nanotriangle array fabricated by nanosphere lithography&#8221;<br \/>Thin Solid Films, <strong>660<\/strong>, 907-912 (2018).<\/li>\n<li>K. Masui, T. Kiba, A. Sato, K. Yanome, M. Kawamura, Y. Abe, K. H. Kim, H. D. Kim, J. Takayama, A. Murayama<br \/>&#8220;Time-resolved Photoluminescence Study of Tris(8-hydroxyquinolinato)aluminium with Surface Plasmon Resonance of Ag Nanoparticles&#8221;<br \/>Thin Solid Films, <strong>660<\/strong>, 938-943 (2018).<\/li>\n<li>Y. Abe, S. Yamauchi, M. Kawamura, K. H. Kim, T. Kiba<br \/>&#8220;High-rate sputter deposition of electrochromic nickel oxide thin films using substrate cooling and water vapor injection&#8221;<br \/>J. Vac. Sci. Technol. A, <strong>36<\/strong>, 02C102 (2018).<\/li>\n<li>K. Takeishi, S. Hiura, J. Takayama, K. Itabashi, M. Urabe, A. Washida, T. Kiba and A. Murayama<br \/>&#8220;Persistent high polarization of excited spin ensembles during light emission in semiconductor quantum-dot-well hybrid <br \/>nanosystems&#8221;<br \/>Phys. Rev. Applied <strong>10<\/strong>, 034015 (2018).<\/li>\n<li>S. Hiura, K. Takeishi, M. Urabe, K. Itabashi, J. Takayama, T. Kiba, K. Sueoka, A. Murayama<br \/>&#8220;Interdot spin transfer dynamics in laterally coupled excited spin ensemble of high-density InGaAs quantum dots&#8221;<br \/>Appl. Phys. Lett. <strong>113<\/strong>, 023104 (2018).<\/li>\n<li>Y. Chen, T. Kiba, J. Takayama, A. Higo, T. Tanikawa, S. Chen, S. Samukawa, A. Murayama<br \/>&#8220;Temperature-dependent radiative and non-radiative dynamics of photo-excited carriers in extremely high-density and small InGaN nanodisks fabricated by neutral-beam etching using bio-nano-templates&#8221;<br \/>J. Appl. Phys. <strong>123<\/strong>, 204305 (2018).<\/li>\n<\/ol>\n<\/div>\n<h3>\u305d\u306e\u4ed6\u8ad6\u6587<\/h3>\n<div class=\"paper_content\">\n<ol>\n<li>\u6751\u5c71 \u660e\u5b8f\u3001\u9ad8\u5c71 \u7d14\u4e00\u3001\u6a0b\u6d66 \u8aed\u5fd7\u3001\u6728\u5834 \u9686\u4e4b<br \/>&#8220;\u5206\u5b50\u7dda\u30a8\u30d4\u30bf\u30ad\u30b7\u30fc\u306b\u3088\u308b\u534a\u5c0e\u4f53\u81ea\u5df1\u7d44\u7e54\u5316\u91cf\u30c9\u30c3\u30c8\u306e\u4f5c\u88fd\u3068\u5149\u52b1\u8d77\u30ad\u30e3\u30ea\u30a2\u30c0\u30a4\u30ca\u30df\u30af\u30b9&#8221;<br \/>Vacuum and Surface Science \uff08\u8868\u9762\u3068\u771f\u7a7a\uff09, <strong>61<\/strong>, 315 (2018).<\/li>\n<\/ol>\n<\/div>\n\n\n<p><\/p>\n","protected":false},"excerpt":{"rendered":"<p>2026\u5e74 S. Takahashi, Y. Takahashi, T. Kiba, M. Kawamura, N. Ohtsu, P. Sheng, D. Ohori, K. Endo&#8220;Thermal An [&hellip;]<\/p>\n","protected":false},"author":1,"featured_media":0,"parent":0,"menu_order":0,"comment_status":"closed","ping_status":"closed","template":"","meta":{"footnotes":"","_wp_rev_ctl_limit":""},"class_list":["post-96","page","type-page","status-publish","hentry"],"_links":{"self":[{"href":"https:\/\/www.mtrl.kitami-it.ac.jp\/elecmat\/wp-json\/wp\/v2\/pages\/96","targetHints":{"allow":["GET"]}}],"collection":[{"href":"https:\/\/www.mtrl.kitami-it.ac.jp\/elecmat\/wp-json\/wp\/v2\/pages"}],"about":[{"href":"https:\/\/www.mtrl.kitami-it.ac.jp\/elecmat\/wp-json\/wp\/v2\/types\/page"}],"author":[{"embeddable":true,"href":"https:\/\/www.mtrl.kitami-it.ac.jp\/elecmat\/wp-json\/wp\/v2\/users\/1"}],"replies":[{"embeddable":true,"href":"https:\/\/www.mtrl.kitami-it.ac.jp\/elecmat\/wp-json\/wp\/v2\/comments?post=96"}],"version-history":[{"count":10,"href":"https:\/\/www.mtrl.kitami-it.ac.jp\/elecmat\/wp-json\/wp\/v2\/pages\/96\/revisions"}],"predecessor-version":[{"id":571,"href":"https:\/\/www.mtrl.kitami-it.ac.jp\/elecmat\/wp-json\/wp\/v2\/pages\/96\/revisions\/571"}],"wp:attachment":[{"href":"https:\/\/www.mtrl.kitami-it.ac.jp\/elecmat\/wp-json\/wp\/v2\/media?parent=96"}],"curies":[{"name":"wp","href":"https:\/\/api.w.org\/{rel}","templated":true}]}}